{"id":705,"date":"2018-06-06T16:13:56","date_gmt":"2018-06-06T16:13:56","guid":{"rendered":"http:\/\/www.cip.de\/?page_id=705"},"modified":"2022-04-18T14:26:25","modified_gmt":"2022-04-18T14:26:25","slug":"datenschutzerklaerung","status":"publish","type":"page","link":"https:\/\/cip.de\/?page_id=705","title":{"rendered":"Impressum und Datenschutzerkl\u00e4rung"},"content":{"rendered":"<h3><strong>Impressum<\/strong><\/h3>\n<p>Prof. Dr.-Ing. Sebastian Mei\u00dfner<\/p>\n<p>Postanschrift:<br \/>\nProf. Dr. Sebastian\u00a0 Mei\u00dfner<br \/>\nc\/o Technologiezentrum Dingolfing GmbH<br \/>\nBr\u00e4uhausgasse 33, 84130 Dingolfing, Deutschland<\/p>\n<p>E-Mail: contact(at)cip.de<\/p>\n<h4>Rechtliche Hinweise \/ Copyright:<\/h4>\n<p>S\u00e4mtliche Informationen, Texte, Textteile, Bilder, Grafiken, Animationen, Videos, Sounds und sonstige Inhalte dieser Website sowie deren Anordnung sind durch das Urheberrecht und andere Schutzgesetze gesch\u00fctzt. Es darf keine Vervielf\u00e4ltigung, Ver\u00e4nderung oder Verwendung der genannten Inhalte in anderen elektronischen oder gedruckten Publikationen ohne vorherige Zustimmung erfolgen.<br \/>\nWir \u00fcbernehmen keine Garantie und Haftung f\u00fcr den Inhalt fremder Website-Angebote anderer Anbieter oder Betreiber, zu denen Besucher dieser Website \u00fcber hier eingef\u00fcgte Links (Verkn\u00fcpfungen) gelangen. F\u00fcr diese Fremdinhalte sind ausschlie\u00dflich deren Anbieter oder Betreiber verantwortlich. Zum Zeitpunkt der Verlinkung waren auf den verlinkten Websites keine Rechtsverletzungen erkennbar. Allerdings ist es uns nicht m\u00f6glich, die verlinkten Websites ohne konkrete Anhaltspunkte stetig auf das Vorliegen m\u00f6glicher Rechtsverst\u00f6\u00dfe hin zu \u00fcberpr\u00fcfen. Sollten Sie auf derartige Rechtsverst\u00f6\u00dfe aufmerksam werden, bitten wir um einen entsprechenden Hinweis, damit wir die entsprechende Verlinkung entfernen k\u00f6nnen.<\/p>\n<p>Wir behalten uns ausdr\u00fccklich das Recht vor, Teile der Seite oder das gesamte Angebot ohne vorherige Ank\u00fcndigung zu ver\u00e4ndern, zu erg\u00e4nzen, zu l\u00f6schen oder die Ver\u00f6ffentlichung einzustellen.<\/p>\n<h3>Datenschutzerkl\u00e4rung<\/h3>\n<p>Personenbezogene Daten (nachfolgend zumeist nur \u201eDaten\u201c genannt) werden von uns nur im Rahmen der Erforderlichkeit sowie zum Zwecke der Bereitstellung eines funktionsf\u00e4higen und nutzerfreundlichen Internetauftritts, inklusive seiner Inhalte und der dort angebotenen Leistungen, verarbeitet.<\/p>\n<p>Gem\u00e4\u00df Art. 4 Ziffer 1. der Verordnung (EU) 2016\/679, also der Datenschutz-Grundverordnung (nachfolgend nur \u201eDSGVO\u201c genannt), gilt als \u201eVerarbeitung\u201c jeder mit oder ohne Hilfe automatisierter Verfahren ausgef\u00fchrter Vorgang oder jede solche Vorgangsreihe im Zusammenhang mit personenbezogenen Daten, wie das Erheben, das Erfassen, die Organisation, das Ordnen, die Speicherung, die Anpassung oder Ver\u00e4nderung, das Auslesen, das Abfragen, die Verwendung, die Offenlegung durch \u00dcbermittlung, Verbreitung oder eine andere Form der Bereitstellung, den Abgleich oder die Verkn\u00fcpfung, die Einschr\u00e4nkung, das L\u00f6schen oder die Vernichtung.<\/p>\n<p>Mit der nachfolgenden Datenschutzerkl\u00e4rung informieren wir Sie insbesondere \u00fcber Art, Umfang, Zweck, Dauer und Rechtsgrundlage der Verarbeitung personenbezogener Daten, soweit wir entweder allein oder gemeinsam mit anderen \u00fcber die Zwecke und Mittel der Verarbeitung entscheiden. Zudem informieren wir Sie nachfolgend \u00fcber die von uns zu Optimierungszwecken sowie zur Steigerung der Nutzungsqualit\u00e4t eingesetzten Fremdkomponenten, soweit hierdurch Dritte Daten in wiederum eigener Verantwortung verarbeiten.<\/p>\n<p>Unsere Datenschutzerkl\u00e4rung ist wie folgt gegliedert:<\/p>\n<p>I. Informationen \u00fcber uns als Verantwortliche<br \/>\nII. Rechte der Nutzer und Betroffenen<br \/>\nIII. Informationen zur Datenverarbeitung<\/p>\n<p><a href=\"https:\/\/www.ratgeberrecht.eu\/leistungen\/muster-datenschutzerklaerung.html\" target=\"_blank\" rel=\"noopener noreferrer\">Muster-Datenschutzerkl\u00e4rung<\/a> der <a href=\"https:\/\/www.ratgeberrecht.eu\/\" target=\"_blank\" rel=\"noopener noreferrer\">Anwaltskanzlei Wei\u00df &amp; Partner<\/a><\/p>\n<h3>I. Informationen \u00fcber uns als Verantwortliche<\/h3>\n<p><strong>Verantwortlicher Anbieter dieses Internetauftritts im datenschutzrechtlichen Sinne ist:<\/strong><\/p>\n<p>Prof. Dr.-Ing. Sebastian Mei\u00dfner<\/p>\n<p>Postanschrift:<br \/>\nc\/o Technologiezentrum Dingolfing GmbH<br \/>\nBr\u00e4uhausgasse 33, 84130 Dingolfing, Deutschland<\/p>\n<p><strong>Datenschutzbeauftragter ist:<br \/>\n<\/strong>Prof. Dr.-Ing. Sebastian Mei\u00dfner<br \/>\nE-Mail: contact(at)cip.de<\/p>\n<p>Die Adresse unserer Website ist: https:\/\/cip.de<\/p>\n<div id=\"datenschutzhinweise_html_text_output_div\" class=\"datenschutzhinweise_html_text_output html_text_output\">\n<h3>II. Rechte der Nutzer und Betroffenen<\/h3>\n<p>Mit Blick auf die nachfolgend noch n\u00e4her beschriebene Datenverarbeitung haben die Nutzer und Betroffenen das Recht<\/p>\n<ul>\n<li>auf Best\u00e4tigung, ob sie betreffende Daten verarbeitet werden, auf Auskunft \u00fcber die verarbeiteten Daten, auf weitere Informationen \u00fcber die Datenverarbeitung sowie auf Kopien der Daten (vgl. auch Art. 15 DSGVO);<\/li>\n<li>auf Berichtigung oder Vervollst\u00e4ndigung unrichtiger bzw. unvollst\u00e4ndiger Daten (vgl. auch Art. 16 DSGVO);<\/li>\n<li>auf unverz\u00fcgliche L\u00f6schung der sie betreffenden Daten (vgl. auch Art. 17 DSGVO), oder, alternativ, soweit eine weitere Verarbeitung gem\u00e4\u00df Art. 17 Abs. 3 DSGVO erforderlich ist, auf Einschr\u00e4nkung der Verarbeitung nach Ma\u00dfgabe von Art. 18 DSGVO;<\/li>\n<li>auf Erhalt der sie betreffenden und von ihnen bereitgestellten Daten und auf \u00dcbermittlung dieser Daten an andere Anbieter\/Verantwortliche (vgl. auch Art. 20 DSGVO);<\/li>\n<li>auf Beschwerde gegen\u00fcber der Aufsichtsbeh\u00f6rde, sofern sie der Ansicht sind, dass die sie betreffenden Daten durch den Anbieter unter Versto\u00df gegen datenschutzrechtliche Bestimmungen verarbeitet werden (vgl. auch Art. 77 DSGVO).<\/li>\n<\/ul>\n<p>Dar\u00fcber hinaus ist der Anbieter dazu verpflichtet, alle Empf\u00e4nger, denen gegen\u00fcber Daten durch den Anbieter offengelegt worden sind, \u00fcber jedwede Berichtigung oder L\u00f6schung von Daten oder die Einschr\u00e4nkung der Verarbeitung, die aufgrund der Artikel 16, 17 Abs. 1, 18 DSGVO erfolgt, zu unterrichten. Diese Verpflichtung besteht jedoch nicht, soweit diese Mitteilung unm\u00f6glich oder mit einem unverh\u00e4ltnism\u00e4\u00dfigen Aufwand verbunden ist. Unbeschadet dessen hat der Nutzer ein Recht auf Auskunft \u00fcber diese Empf\u00e4nger.<\/p>\n<p><strong>Ebenfalls haben die Nutzer und Betroffenen nach Art. 21 DSGVO das Recht auf Widerspruch gegen die k\u00fcnftige Verarbeitung der sie betreffenden Daten, sofern die Daten durch den Anbieter nach Ma\u00dfgabe von Art. 6 Abs. 1 lit. f) DSGVO verarbeitet werden. Insbesondere ist ein Widerspruch gegen die Datenverarbeitung zum Zwecke der Direktwerbung statthaft.<\/strong><\/p>\n<h3>III. Informationen zur Datenverarbeitung<\/h3>\n<p>Ihre bei Nutzung unseres Internetauftritts verarbeiteten Daten werden gel\u00f6scht oder gesperrt, sobald der Zweck der Speicherung entf\u00e4llt, der L\u00f6schung der Daten keine gesetzlichen Aufbewahrungspflichten entgegenstehen und nachfolgend keine anderslautenden Angaben zu einzelnen Verarbeitungsverfahren gemacht werden.<\/p>\n<h4>Serverdaten<\/h4>\n<p>Aus technischen Gr\u00fcnden, insbesondere zur Gew\u00e4hrleistung eines sicheren und stabilen Internetauftritts, werden Daten durch Ihren Internet-Browser an uns bzw. an unseren Webspace-Provider \u00fcbermittelt. Mit diesen sog. Server-Logfiles werden u.a. Typ und Version Ihres Internetbrowsers, das Betriebssystem, die Website, von der aus Sie auf unseren Internetauftritt gewechselt haben (Referrer URL), die Website(s) unseres Internetauftritts, die Sie besuchen, Datum und Uhrzeit des jeweiligen Zugriffs sowie die IP-Adresse des Internetanschlusses, von dem aus die Nutzung unseres Internetauftritts erfolgt, erhoben.<\/p>\n<p>Diese so erhobenen Daten werden vorr\u00fcbergehend gespeichert, dies jedoch nicht gemeinsam mit anderen Daten von Ihnen.<\/p>\n<p>Diese Speicherung erfolgt auf der Rechtsgrundlage von Art. 6 Abs. 1 lit. f) DSGVO. Unser berechtigtes Interesse liegt in der Verbesserung, Stabilit\u00e4t, Funktionalit\u00e4t und Sicherheit unseres Internetauftritts.<\/p>\n<p>Die Daten werden sp\u00e4testens nach sieben Tage wieder gel\u00f6scht, soweit keine weitere Aufbewahrung zu Beweiszwecken erforderlich ist. Andernfalls sind die Daten bis zur endg\u00fcltigen Kl\u00e4rung eines Vorfalls ganz oder teilweise von der L\u00f6schung ausgenommen.<\/p>\n<h4>Cookies<\/h4>\n<h5>a) Sitzungs-Cookies\/Session-Cookies<\/h5>\n<p>Wir verwenden mit unserem Internetauftritt sog. Cookies. Cookies sind kleine Textdateien oder andere Speichertechnologien, die durch den von Ihnen eingesetzten Internet-Browser auf Ihrem Endger\u00e4t ablegt und gespeichert werden. Durch diese Cookies werden im individuellen Umfang bestimmte Informationen von Ihnen, wie beispielsweise Ihre Browser- oder Standortdaten oder Ihre IP-Adresse, verarbeitet.<\/p>\n<p>Durch diese Verarbeitung wird unser Internetauftritt benutzerfreundlicher, effektiver und sicherer, da die Verarbeitung bspw. die Wiedergabe unseres Internetauftritts in unterschiedlichen Sprachen oder das Angebot einer Warenkorbfunktion erm\u00f6glicht.<\/p>\n<p>Rechtsgrundlage dieser Verarbeitung ist Art. 6 Abs. 1 lit b.) DSGVO, sofern diese Cookies Daten zur Vertragsanbahnung oder Vertragsabwicklung verarbeitet werden.<\/p>\n<p>Falls die Verarbeitung nicht der Vertragsanbahnung oder Vertragsabwicklung dient, liegt unser berechtigtes Interesse in der Verbesserung der Funktionalit\u00e4t unseres Internetauftritts. Rechtsgrundlage ist in dann Art. 6 Abs. 1 lit. f) DSGVO.<\/p>\n<p>Mit Schlie\u00dfen Ihres Internet-Browsers werden diese Session-Cookies gel\u00f6scht.<\/p>\n<h5>b) Drittanbieter-Cookies<\/h5>\n<p>Gegebenenfalls werden mit unserem Internetauftritt auch Cookies von Partnerunternehmen, mit denen wir zum Zwecke der Werbung, der Analyse oder der Funktionalit\u00e4ten unseres Internetauftritts zusammenarbeiten, verwendet.<\/p>\n<p>Die Einzelheiten hierzu, insbesondere zu den Zwecken und den Rechtsgrundlagen der Verarbeitung solcher Drittanbieter-Cookies, entnehmen Sie bitte den nachfolgenden Informationen.<\/p>\n<h5>c) Beseitigungsm\u00f6glichkeit<\/h5>\n<p>Sie k\u00f6nnen die Installation der Cookies durch eine Einstellung Ihres Internet-Browsers verhindern oder einschr\u00e4nken. Ebenfalls k\u00f6nnen Sie bereits gespeicherte Cookies jederzeit l\u00f6schen. Die hierf\u00fcr erforderlichen Schritte und Ma\u00dfnahmen h\u00e4ngen jedoch von Ihrem konkret genutzten Internet-Browser ab. Bei Fragen benutzen Sie daher bitte die Hilfefunktion oder Dokumentation Ihres Internet-Browsers oder wenden sich an dessen Hersteller bzw. Support. Bei sog. Flash-Cookies kann die Verarbeitung allerdings nicht \u00fcber die Einstellungen des Browsers unterbunden werden. Stattdessen m\u00fcssen Sie insoweit die Einstellung Ihres Flash-Players \u00e4ndern. Auch die hierf\u00fcr erforderlichen Schritte und Ma\u00dfnahmen h\u00e4ngen von Ihrem konkret genutzten Flash-Player ab. Bei Fragen benutzen Sie daher bitte ebenso die Hilfefunktion oder Dokumentation Ihres Flash-Players oder wenden sich an den Hersteller bzw. Benutzer-Support.<\/p>\n<p>Sollten Sie die Installation der Cookies verhindern oder einschr\u00e4nken, kann dies allerdings dazu f\u00fchren, dass nicht s\u00e4mtliche Funktionen unseres Internetauftritts vollumf\u00e4nglich nutzbar sind.<\/p>\n<h4>Kontaktanfragen \/ Kontaktm\u00f6glichkeit<\/h4>\n<p>Sofern Sie per Kontaktformular oder E-Mail mit uns in Kontakt treten, werden die dabei von Ihnen angegebenen Daten zur Bearbeitung Ihrer Anfrage genutzt. Die Angabe der Daten ist zur Bearbeitung und Beantwortung Ihre Anfrage erforderlich &#8211; ohne deren Bereitstellung k\u00f6nnen wir Ihre Anfrage nicht oder allenfalls eingeschr\u00e4nkt beantworten.<\/p>\n<p>Rechtsgrundlage f\u00fcr diese Verarbeitung ist Art. 6 Abs. 1 lit. b) DSGVO.<\/p>\n<p>Ihre Daten werden gel\u00f6scht, sofern Ihre Anfrage abschlie\u00dfend beantwortet worden ist und der L\u00f6schung keine gesetzlichen Aufbewahrungspflichten entgegenstehen, wie bspw. bei einer sich etwaig anschlie\u00dfenden Vertragsabwicklung.<\/p>\n<h4>Nutzerbeitr\u00e4ge, Kommentare und Bewertungen<\/h4>\n<p>Wir bieten Ihnen an, auf unseren Internetseiten Fragen, Antworten, Meinungen oder Bewertungen, nachfolgend nur \u201eBeitr\u00e4ge genannt, zu ver\u00f6ffentlichen. Sofern Sie dieses Angebot in Anspruch nehmen, verarbeiten und ver\u00f6ffentlichen wir Ihren Beitrag, Datum und Uhrzeit der Einreichung sowie das von Ihnen ggf. genutzte Pseudonym.<\/p>\n<p>Rechtsgrundlage hierbei ist Art. 6 Abs. 1 lit. a) DSGVO. Die Einwilligung k\u00f6nnen Sie gem\u00e4\u00df Art. 7 Abs. 3 DSGVO jederzeit mit Wirkung f\u00fcr die Zukunft widerrufen. Hierzu m\u00fcssen Sie uns lediglich \u00fcber Ihren Widerruf in Kenntnis setzen.<\/p>\n<p>Dar\u00fcber hinaus verarbeiten wir auch Ihre IP- und E-Mail-Adresse. Aus Ihrer E-Mail-Adresse kann eine anonymisierte Zeichenfolge erstellt (auch Hash genannt) und dem Gravatar-Dienst \u00fcbergeben werden, um zu pr\u00fcfen, ob Sie diesen benutzen. Die Datenschutzerkl\u00e4rung des Gravatar-Dienstes finden Sie hier: https:\/\/automattic.com\/privacy\/. Nachdem der Kommentar freigegeben wurde, ist Ihr Profilbild \u00f6ffentlich im Kontext Ihres Kommentars sichtbar. Die IP-Adresse wird verarbeitet, weil wir ein berechtigtes Interesse daran haben, weitere Schritte einzuleiten oder zu unterst\u00fctzen, sofern Ihr Beitrag in Rechte Dritter eingreift und\/oder er sonst wie rechtswidrig erfolgt.<\/p>\n<p>Rechtsgrundlage ist in diesem Fall Art. 6 Abs. 1 lit. f) DSGVO. Unser berechtigtes Interesse liegt in der ggf. notwendigen Rechtsverteidigung.<\/p>\n<h4>Google Fonts<\/h4>\n<p>In unserem Internetauftritt setzen wir Google Fonts zur Darstellung externer Schriftarten ein. Es handelt sich hierbei um einen Dienst der Google LLC, 1600 Amphitheatre Parkway, Mountain View, CA 94043 USA, nachfolgend nur \u201eGoogle\u201c genannt.<\/p>\n<p>Durch die Zertifizierung nach dem EU-US-Datenschutzschild (\u201eEU-US Privacy Shield\u201c)<\/p>\n<p><a href=\"https:\/\/www.privacyshield.gov\/participant?id=a2zt000000001L5AAI&amp;status=Active\" target=\"_blank\" rel=\"noopener noreferrer\">https:\/\/www.privacyshield.gov\/participant?id=a2zt000000001L5AAI&amp;status=Active<\/a><\/p>\n<p>garantiert Google, dass die Datenschutzvorgaben der EU auch bei der Verarbeitung von Daten in den USA eingehalten werden.<\/p>\n<p>Um die Darstellung bestimmter Schriften in unserem Internetauftritt zu erm\u00f6glichen, wird bei Aufruf unseres Internetauftritts eine Verbindung zu dem Google-Server in den USA aufgebaut.<\/p>\n<p>Rechtsgrundlage ist Art. 6 Abs. 1 lit. f) DSGVO. Unser berechtigtes Interesse liegt in der Optimierung und dem wirtschaftlichen Betrieb unseres Internetauftritts.<\/p>\n<p>Durch die bei Aufruf unseres Internetauftritts hergestellte Verbindung zu Google kann Google ermitteln, von welcher Website Ihre Anfrage gesendet worden ist und an welche IP-Adresse die Darstellung der Schrift zu \u00fcbermitteln ist.<\/p>\n<p>Google bietet unter<\/p>\n<p><a href=\"https:\/\/adssettings.google.com\/authenticated\" target=\"_blank\" rel=\"noopener noreferrer\">https:\/\/adssettings.google.com\/authenticated<\/a><\/p>\n<p><a href=\"https:\/\/policies.google.com\/privacy\" target=\"_blank\" rel=\"noopener noreferrer\">https:\/\/policies.google.com\/privacy<\/a><\/p>\n<p>weitere Informationen an und zwar insbesondere zu den M\u00f6glichkeiten der Unterbindung der Datennutzung.<\/p>\n<h4>Jetpack &#8211; WordPress Stats<\/h4>\n<p>In unserem Internetauftritt setzen wir Jetpack mit der Erweiterung \u201eWordPress Stats\u201c ein. Hierbei handelt es sich um einen Webanalysedienst der Automattic Inc., 132 Hawthorne Street, San Francisco, CA 94107, USA, nachfolgend nur \u201eAutomattic\u201c genannt.<\/p>\n<p>Durch die Zertifizierung nach dem EU-US-Datenschutzschild (\u201eEU-US Privacy Shield\u201c)<\/p>\n<p><a href=\"https:\/\/www.privacyshield.gov\/participant?id=a2zt0000000CbqcAAC&amp;status=Active\" target=\"_blank\" rel=\"noopener noreferrer\">https:\/\/www.privacyshield.gov\/participant?id=a2zt0000000CbqcAAC&amp;status=Active<\/a><\/p>\n<p>garantiert Automattic, dass die Datenschutzvorgaben der EU auch bei der Verarbeitung von Daten in den USA eingehalten werden.<\/p>\n<p>Der Dienst Jetpack &#8211; WordPress Stats dient zur Analyse des Nutzungsverhaltens unseres Internetauftritts. Rechtsgrundlage ist Art. 6 Abs. 1 lit. f) DSGVO. Unser berechtigtes Interesse liegt in der Analyse, Optimierung und dem wirtschaftlichen Betrieb unseres Internetauftritts.<\/p>\n<p>Zur Analyse des Nutzungsverhaltens speichert Jetpack &#8211; WordPress Stats Cookies \u00fcber Ihren Internet-Browser auf Ihrem Endger\u00e4t.<\/p>\n<p>Bei der Verarbeitung werden Ihre IP-Adresse, die Website(s) unseres Internetauftritts, die Sie besuchen, die Website, von der aus Sie auf unseren Internetauftritt gewechselt haben (Referrer URL), Ihre Verweildauer auf unserem Internetauftritt sowie die H\u00e4ufigkeit des Aufrufs einer unserer Websites erfasst. Die dabei erhobenen Daten werden auf einem Server von Automattic in den USA gespeichert. Ihre IP-Adresse wird allerdings unverz\u00fcglich nach der Verarbeitung und noch vor ihrer Speicherung anonymisiert.<\/p>\n<p>Falls Sie mit dieser Verarbeitung nicht einverstanden sind, haben Sie die M\u00f6glichkeit, die Speicherung des Cookies durch eine Einstellung in Ihrem Internet-Browsers zu verhindern. N\u00e4here Informationen hierzu finden Sie vorstehend unter \u201eCookies\u201c.<\/p>\n<\/div>\n<h4>Eingebettete Inhalte von anderen Websites<\/h4>\n<p>Beitr\u00e4ge auf dieser Website k\u00f6nnen eingebettete Inhalte beinhalten (z.\u00a0B. Videos, Bilder, Beitr\u00e4ge etc.). Eingebettete Inhalte von anderen Websites verhalten sich exakt so, als ob der Besucher die andere Website besucht h\u00e4tte.<\/p>\n<p>Diese Websites k\u00f6nnen Daten \u00fcber Sie sammeln, Cookies benutzen, zus\u00e4tzliche Tracking-Dienste von Dritten einbetten und Ihre Interaktion mit diesem eingebetteten Inhalt aufzeichnen, inklusive Ihrer Interaktion mit dem eingebetteten Inhalt, falls Sie dort ein Konto haben und auf dieser Website angemeldet sind.<\/p>\n","protected":false},"excerpt":{"rendered":"<p>Impressum Prof. Dr.-Ing. Sebastian Mei\u00dfner Postanschrift: Prof. Dr. Sebastian\u00a0 Mei\u00dfner c\/o Technologiezentrum Dingolfing GmbH Br\u00e4uhausgasse 33, 84130 Dingolfing, Deutschland E-Mail: contact(at)cip.de Rechtliche [&hellip;]<\/p>\n","protected":false},"author":1,"featured_media":0,"parent":0,"menu_order":0,"comment_status":"closed","ping_status":"closed","template":"","meta":{"footnotes":""},"class_list":["post-705","page","type-page","status-publish","hentry"],"_links":{"self":[{"href":"https:\/\/cip.de\/index.php?rest_route=\/wp\/v2\/pages\/705","targetHints":{"allow":["GET"]}}],"collection":[{"href":"https:\/\/cip.de\/index.php?rest_route=\/wp\/v2\/pages"}],"about":[{"href":"https:\/\/cip.de\/index.php?rest_route=\/wp\/v2\/types\/page"}],"author":[{"embeddable":true,"href":"https:\/\/cip.de\/index.php?rest_route=\/wp\/v2\/users\/1"}],"replies":[{"embeddable":true,"href":"https:\/\/cip.de\/index.php?rest_route=%2Fwp%2Fv2%2Fcomments&post=705"}],"version-history":[{"count":13,"href":"https:\/\/cip.de\/index.php?rest_route=\/wp\/v2\/pages\/705\/revisions"}],"predecessor-version":[{"id":769,"href":"https:\/\/cip.de\/index.php?rest_route=\/wp\/v2\/pages\/705\/revisions\/769"}],"wp:attachment":[{"href":"https:\/\/cip.de\/index.php?rest_route=%2Fwp%2Fv2%2Fmedia&parent=705"}],"curies":[{"name":"wp","href":"https:\/\/api.w.org\/{rel}","templated":true}]}}